{"id":16026,"date":"2025-10-27T16:18:59","date_gmt":"2025-10-27T15:18:59","guid":{"rendered":"https:\/\/restaurantereinaelisenda.com\/?page_id=16026"},"modified":"2025-10-31T11:50:41","modified_gmt":"2025-10-31T10:50:41","slug":"politica-de-privacitat","status":"publish","type":"page","link":"https:\/\/restaurantereinaelisenda.com\/ca\/politica-de-privacitat\/","title":{"rendered":"Pol\u00edtica de privacitat"},"content":{"rendered":"<div class=\"fusion-fullwidth fullwidth-box fusion-builder-row-1 fusion-flex-container has-pattern-background has-mask-background nonhundred-percent-fullwidth non-hundred-percent-height-scrolling\" style=\"--link_color: var(--awb-color3);--awb-border-radius-top-left:0px;--awb-border-radius-top-right:0px;--awb-border-radius-bottom-right:0px;--awb-border-radius-bottom-left:0px;--awb-padding-top:50px;--awb-padding-bottom:50px;--awb-padding-bottom-small:0px;--awb-background-color:var(--awb-color1);--awb-flex-wrap:wrap;\" ><div class=\"fusion-builder-row fusion-row fusion-flex-align-items-flex-start fusion-flex-justify-content-center fusion-flex-content-wrap\" style=\"max-width:calc( 1480px + 24px );margin-left: calc(-24px \/ 2 );margin-right: calc(-24px \/ 2 );\"><div class=\"fusion-layout-column fusion_builder_column fusion-builder-column-0 fusion_builder_column_4_5 4_5 fusion-flex-column fusion-flex-align-self-stretch\" style=\"--awb-padding-right:12px;--awb-padding-left:12px;--awb-padding-right-medium:0px;--awb-padding-left-medium:0px;--awb-bg-size:cover;--awb-width-large:80%;--awb-margin-top-large:0px;--awb-spacing-right-large:12px;--awb-margin-bottom-large:0px;--awb-spacing-left-large:12px;--awb-width-medium:83.333333333333%;--awb-order-medium:0;--awb-spacing-right-medium:12px;--awb-spacing-left-medium:12px;--awb-width-small:100%;--awb-order-small:0;--awb-spacing-right-small:12px;--awb-spacing-left-small:12px;\" data-scroll-devices=\"small-visibility,medium-visibility,large-visibility\"><div class=\"fusion-column-wrapper fusion-column-has-shadow fusion-flex-justify-content-center fusion-content-layout-column\"><div class=\"fusion-title title fusion-title-1 fusion-sep-none fusion-title-center fusion-title-text fusion-title-size-div\" style=\"--awb-text-color:var(--awb-color3);--awb-margin-bottom:0px;--awb-margin-top-small:10px;--awb-margin-right-small:0px;--awb-margin-bottom-small:10px;--awb-margin-left-small:0px;--awb-font-size:var(--awb-typography4-font-size);\"><div class=\"fusion-title-heading title-heading-center title-heading-tag fusion-responsive-typography-calculated\" style=\"font-family:var(--awb-typography4-font-family);font-weight:var(--awb-typography4-font-weight);font-style:var(--awb-typography4-font-style);margin:0;letter-spacing:var(--awb-typography4-letter-spacing);text-transform:uppercase;font-size:1em;--fontSize:21;--minFontSize:21;line-height:var(--awb-typography4-line-height);\">Informaci\u00f3 legal<\/div><\/div><div class=\"fusion-title title fusion-title-2 fusion-sep-none fusion-title-center fusion-title-text fusion-title-size-two\" style=\"--awb-text-color:#000000;--awb-margin-top:0px;--awb-margin-bottom:16px;--awb-margin-top-small:10px;--awb-margin-right-small:0px;--awb-margin-bottom-small:10px;--awb-margin-left-small:0px;--awb-font-size:var(--awb-typography2-font-size);\"><h2 class=\"fusion-title-heading title-heading-center fusion-responsive-typography-calculated\" style=\"font-family:var(--awb-typography2-font-family);font-weight:var(--awb-typography2-font-weight);font-style:var(--awb-typography2-font-style);margin:0;letter-spacing:var(--awb-typography2-letter-spacing);text-transform:var(--awb-typography2-text-transform);font-size:1em;--fontSize:60;line-height:var(--awb-typography2-line-height);\">Pol\u00edtica de privacitat<\/h2><\/div><div class=\"fusion-text fusion-text-1\" style=\"--awb-font-size:var(--awb-typography4-font-size);--awb-line-height:var(--awb-typography4-line-height);--awb-letter-spacing:var(--awb-typography4-letter-spacing);--awb-text-transform:var(--awb-typography4-text-transform);--awb-text-color:var(--awb-color8);--awb-text-font-family:var(--awb-typography4-font-family);--awb-text-font-weight:var(--awb-typography4-font-weight);--awb-text-font-style:var(--awb-typography4-font-style);\"><p><strong>Reina Elisenda Restauraci\u00f3n S.L.<\/strong>, mitjan\u00e7ant la present Pol\u00edtica de Privacitat, informa als USUARIS del lloc web, sobre la seva pol\u00edtica respecte al tractament i protecci\u00f3 de les dades de car\u00e0cter personal dels usuaris i clients que puguin ser recopilades per la navegaci\u00f3 o la contractaci\u00f3 de serveis a trav\u00e9s del nostre lloc web.<\/p>\n<p>En aquest sentit, <strong>Reina Elisenda Restauraci\u00f3n S.L. <\/strong>l\u2019informa de que les seves dades seran tractades de conformitat amb les normes vigents respecte a la pol\u00edtica de privacitat, d\u2019acord amb el que s\u2019estableix en el Reglament (UE) 2016\/679 de 27 d\u2019abril de 2016 (RGPD).<\/p>\n<p>L\u2019\u00fas d\u2019aquesta p\u00e0gina web implica l\u2019acceptaci\u00f3 d\u2019aquesta pol\u00edtica de privacitat.<\/p>\n<p><strong>Responsable del Tractament<\/strong><\/p>\n<p><strong>Reina Elisenda Restauraci\u00f3n S.L. <\/strong>\u00e9s titular de la p\u00e0gina web restaurantereinaelisenda.com<\/p>\n<p>Domicili social: <strong> Carretera de la Roca (BV-5001), km. 7 \u2013 08110 Montcada i Reixac \u2013 Barcelona<\/strong><\/p>\n<p>Tel\u00e8fon: <strong>+34 687 392 592<\/strong><\/p>\n<p>Correu electr\u00f2nic: <a href=\"mailto:in**@**********************da.com\" data-original-string=\"Wq2IricRYloKTW4ILAAAFw==f0dFPiGEEUgwwNjOTFAwbWtN\/DUQ1dA1JZ\/0jvYYWT9c3pXHeIYq06AiW52D12EDLjN\" title=\"This contact has been encoded by Anti-Spam by CleanTalk. Click to decode. To finish the decoding make sure that JavaScript is enabled in your browser.\"><span \n                data-original-string='WnAa6c4HerPhZPGpyRIEYA==f0dj3JntuFSmQzvkG374axzicj4ARONRDrgsNswcedVfX49UmDgPi\/K3TqcoemaM7j0'\n                class='apbct-email-encoder'\n                title='This contact has been encoded by Anti-Spam by CleanTalk. Click to decode. To finish the decoding make sure that JavaScript is enabled in your browser.'>in<span class=\"apbct-blur\">**<\/span>@<span class=\"apbct-blur\">**********************<\/span>da.com<\/span><\/a><\/p>\n<p><strong>1. Obtenci\u00f3 de les dades<\/strong><\/p>\n<p><strong>Reina Elisenda Restauraci\u00f3n S.L. <\/strong>informa que les dades que s\u2019obtenen a trav\u00e9s de la nostra p\u00e0gina web, els formularis de la mateixa i els rebuts per correu electr\u00f2nic, s\u00f3n aquelles que se\u2019ns faciliten volunt\u00e0riament per l\u2019usuari, les que es deriven de relacions i comunicacions amb l\u2019empresa i informaci\u00f3 que sigui leg\u00edtimament extra\u00efble de les dades que tractem.<\/p>\n<p>De la mateixa forma, tamb\u00e9 obtenim dades a trav\u00e9s de la informaci\u00f3 de tercers que ens proporcioni el propi usuari o terceres persones, previ consentiment del mateix, existint una base leg\u00edtima.<\/p>\n<p><strong>2. Finalitat de l\u2019obtenci\u00f3 i recollida de dades<\/strong><\/p>\n<p><strong>Reina Elisenda Restauraci\u00f3n S.L. <\/strong>tractar\u00e0 les dades que li siguin facilitades amb l\u2019objectiu d\u2019oferir-li els productes i\/o serveis que ens hagin estat contractats, gestionar les seves consultes o peticions i qualsevol altre sup\u00f2sit que sigui necessari per a complir les relacions comercials que mantingui amb nosaltres.<\/p>\n<p>Aix\u00ed mateix, tamb\u00e9 es tractaran les dades per remetre-li comunicacions comercials, sempre amb el seu consentiment previ, aix\u00ed com per analitzar h\u00e0bits de navegaci\u00f3.<\/p>\n<p>En cas de voler formar part de l\u2019equip de <strong>Reina Elisenda Restauraci\u00f3n S.L. <\/strong>es tractaran les dades dels usuaris i la documentaci\u00f3 que ens sigui facilitada, amb la finalitat de valorar el perfil del\/de la candidat\/a i considerar-lo per a possibles vacants a l\u2019empresa.<\/p>\n<p><strong>3. Tractament de dades<\/strong><\/p>\n<p>De conformitat amb la normativa aplicable, <strong>Reina Elisenda Restauraci\u00f3n S.L. <\/strong>es compromet a tractar les dades a les que tingui acc\u00e9s aplicant les mesures t\u00e8cniques preventives i organitzatives adequades. D\u2019aquesta manera, garantim el m\u00e0xim nivell de seguretat i uns nivells de confidencialitat, integritat i disponibilitat \u00f2ptims dels serveis i sistemes de tractament de dades.<\/p>\n<p><strong>4. Comunicaci\u00f3 d\u2019informaci\u00f3 a tercers<\/strong><\/p>\n<p><strong>Reina Elisenda Restauraci\u00f3n S.L. <\/strong>informa als seus usuaris de que les seves dades personals no seran cedides a terceres organitzacions, amb l\u2019excepci\u00f3 de que aquesta cessi\u00f3 de dades estigui emparada en una obligaci\u00f3 legal o quan la prestaci\u00f3 d\u2019un servei impliqui la necessitat d\u2019una relaci\u00f3 contractual amb un encarregat del tractament. En aquest \u00faltim cas, nom\u00e9s es portar\u00e0 a terme la cessi\u00f3 de dades al tercer quan <strong>Reina Elisenda Restauraci\u00f3n S.L. <\/strong>disposi del consentiment expr\u00e9s de l\u2019usuari.<\/p>\n<p>\u00c9s possible que alguns dels nostres prove\u00efdors, per exemple Google, processin dades fora de les fronteres de la Uni\u00f3 Europea. En aquest casos, exigim al prove\u00efdor estar adscrit a un protocol d\u2019adequaci\u00f3 de protecci\u00f3 de dades aprovat per la Uni\u00f3 Europea.<\/p>\n<p><strong>5. Temps de conservaci\u00f3 de les dades<\/strong><\/p>\n<p><strong>Reina Elisenda Restauraci\u00f3n S.L. <\/strong>conservar\u00e0 totes les dades de l\u2019usuari fins el moment en que sol\u00b7liciti expressament la seva supressi\u00f3 o, pel contrari, fins que acabi la relaci\u00f3 empresarial que l\u2019uneix amb la nostra empresa. En aquest cas, les dades es suprimiran quan s\u2019hagin acomplert els termes legals previstos.<\/p>\n<p><strong>6. Drets dels usuaris<\/strong><\/p>\n<p>Vost\u00e8 sempre podr\u00e0 exercir els drets d\u2019acc\u00e9s, rectificaci\u00f3, supressi\u00f3, limitaci\u00f3, oposici\u00f3 i portabilitat d\u2019acord amb el previst en la normativa legal vigent en mat\u00e8ria de pol\u00edtica de privacitat.<\/p>\n<p>Per a fer \u00fas d\u2019aquest drets, haur\u00e0 de dirigir-se mitjan\u00e7ant comunicaci\u00f3 escrita, aportant documentaci\u00f3 que acrediti la seva identitat (DNI o passaport), a la seg\u00fcent adre\u00e7a:<\/p>\n<p><strong>Reina Elisenda Restauraci\u00f3n S.L., Carretera de la Roca (BV-5001), km. 7 \u2013 08110 Montcada i Reixac \u2013 Barcelona<\/strong><\/p>\n<p>o mitjan\u00e7ant correu electr\u00f2nic: <a href=\"mailto:in**@************ed.com\" data-original-string=\"zS2ewH+BZ17cA1SbVK4VXQ==f0dszPAk1u798\/hP1Vp+lXWNKzSZ6BI4ya0H+fD94JLeGI=\" title=\"This contact has been encoded by Anti-Spam by CleanTalk. Click to decode. To finish the decoding make sure that JavaScript is enabled in your browser.\"><span \n                data-original-string='6T40gF6f8TA3ZRNcecwKNQ==f0dgIVU4uJqUtTloudPJxl+CFY74suDRfw7ZgO2G+bm\/fQX8s50rdFMh\/rcrpRFU68\/'\n                class='apbct-email-encoder'\n                title='This contact has been encoded by Anti-Spam by CleanTalk. Click to decode. To finish the decoding make sure that JavaScript is enabled in your browser.'>in<span class=\"apbct-blur\">**<\/span>@<span class=\"apbct-blur\">**********************<\/span>da.com<\/span><\/a><\/p>\n<p>Aquesta comunicaci\u00f3 haur\u00e0 d\u2019indicar de manera clara i concisa les seves dades identificatives i acreditatives, aix\u00ed com la seva sol\u00b7licitud respecte a les seves dades.<\/p>\n<p><strong>7. Responsabilitats dels usuaris<\/strong><\/p>\n<p>L\u2019usuari es responsabilitza de que totes les dades que es facilitin i s\u2019envi\u00efn a <strong>Reina Elisenda Restauraci\u00f3n S.L. <\/strong>s\u00f3n ver\u00eddiques, exactes, actualitzades, vigents i aut\u00e8ntiques.<\/p>\n<p>Aix\u00ed mateix, tamb\u00e9 \u00e9s responsable del consentiment que es dona a l\u2019empresa per al seu tractament i utilitzaci\u00f3. De la mateixa manera, l\u2019usuari es fa responsable de les dades a tercers que ens pugui facilitar, respecte als quals est\u00e0 obligat a tenir el seu consentiment expr\u00e9s.<\/p>\n<p><strong>8. Legislaci\u00f3 i jurisdicci\u00f3<\/strong><\/p>\n<p>El fet d\u2019entrar en el lloc web i a les aplicacions de <strong>Reina Elisenda Restauraci\u00f3n S.L. <\/strong>implica l\u2019acceptaci\u00f3 de les condicions disposades en la present Pol\u00edtica de Privacitat. En cas de no acceptar aquestes condicions, haur\u00e0 d\u2019evitar utilitzar i visitar la nostra p\u00e0gina web.<\/p>\n<p>Tot tipus d\u2019inconvenient i controv\u00e8rsia que es pugui donar, es regir\u00e0 per la legislaci\u00f3 espanyola i es sotmetr\u00e0 als Jutjats i Tribunals de la ciutat m\u00e9s propera al domicili social de <strong>Reina Elisenda Restauraci\u00f3n S.L.<\/strong><\/p>\n<p><strong>M\u00c9S INFORMACI\u00d3<\/strong><\/p>\n<ul>\n<li><a href=\"https:\/\/restaurantereinaelisenda.com\/ca\/avis-legal\/\">Av\u00eds legal<\/a><\/li>\n<li><a href=\"https:\/\/restaurantereinaelisenda.com\/ca\/cookies\/\">Informaci\u00f3 sobre cookies<\/a><\/li>\n<\/ul>\n<\/div><\/div><\/div><\/div><\/div>\n","protected":false},"excerpt":{"rendered":"","protected":false},"author":1,"featured_media":0,"parent":0,"menu_order":0,"comment_status":"closed","ping_status":"open","template":"100-width.php","meta":{"_acf_changed":false,"footnotes":""},"class_list":["post-16026","page","type-page","status-publish","hentry"],"acf":[],"yoast_head":"<!-- This site is optimized with the Yoast SEO plugin v27.4 - https:\/\/yoast.com\/product\/yoast-seo-wordpress\/ -->\n<title>Pol\u00edtica de privacitat - Restaurant Reina Elisenda<\/title>\n<meta name=\"description\" content=\"Informaci\u00f3 sobre la pol\u00edtica de privacitat en la p\u00e0gina web del Restaurant Reina Elisenda\" \/>\n<meta name=\"robots\" content=\"index, follow, max-snippet:-1, max-image-preview:large, max-video-preview:-1\" \/>\n<link rel=\"canonical\" href=\"https:\/\/restaurantereinaelisenda.com\/ca\/politica-de-privacitat\/\" \/>\n<meta property=\"og:locale\" content=\"ca_ES\" \/>\n<meta property=\"og:type\" content=\"article\" \/>\n<meta property=\"og:title\" content=\"Pol\u00edtica de privacitat - Restaurant Reina Elisenda\" \/>\n<meta property=\"og:description\" content=\"Informaci\u00f3 sobre la pol\u00edtica de privacitat en la p\u00e0gina web del Restaurant Reina Elisenda\" \/>\n<meta property=\"og:url\" content=\"https:\/\/restaurantereinaelisenda.com\/ca\/politica-de-privacitat\/\" \/>\n<meta property=\"og:site_name\" content=\"Reina Elisenda\" \/>\n<meta property=\"article:modified_time\" content=\"2025-10-31T10:50:41+00:00\" \/>\n<meta name=\"twitter:card\" content=\"summary_large_image\" \/>\n<meta name=\"twitter:label1\" content=\"Temps estimat de lectura\" \/>\n\t<meta name=\"twitter:data1\" content=\"4 minuts\" \/>\n<script type=\"application\/ld+json\" class=\"yoast-schema-graph\">{\"@context\":\"https:\\\/\\\/schema.org\",\"@graph\":[{\"@type\":\"WebPage\",\"@id\":\"https:\\\/\\\/restaurantereinaelisenda.com\\\/ca\\\/politica-de-privacitat\\\/\",\"url\":\"https:\\\/\\\/restaurantereinaelisenda.com\\\/ca\\\/politica-de-privacitat\\\/\",\"name\":\"Pol\u00edtica de privacitat - Restaurant Reina Elisenda\",\"isPartOf\":{\"@id\":\"https:\\\/\\\/restaurantereinaelisenda.com\\\/ca\\\/#website\"},\"datePublished\":\"2025-10-27T15:18:59+00:00\",\"dateModified\":\"2025-10-31T10:50:41+00:00\",\"description\":\"Informaci\u00f3 sobre la pol\u00edtica de privacitat en la p\u00e0gina web del Restaurant Reina Elisenda\",\"breadcrumb\":{\"@id\":\"https:\\\/\\\/restaurantereinaelisenda.com\\\/ca\\\/politica-de-privacitat\\\/#breadcrumb\"},\"inLanguage\":\"ca\",\"potentialAction\":[{\"@type\":\"ReadAction\",\"target\":[\"https:\\\/\\\/restaurantereinaelisenda.com\\\/ca\\\/politica-de-privacitat\\\/\"]}]},{\"@type\":\"BreadcrumbList\",\"@id\":\"https:\\\/\\\/restaurantereinaelisenda.com\\\/ca\\\/politica-de-privacitat\\\/#breadcrumb\",\"itemListElement\":[{\"@type\":\"ListItem\",\"position\":1,\"name\":\"Inicio\",\"item\":\"https:\\\/\\\/restaurantereinaelisenda.com\\\/ca\\\/\"},{\"@type\":\"ListItem\",\"position\":2,\"name\":\"Pol\u00edtica de privacitat\"}]},{\"@type\":\"WebSite\",\"@id\":\"https:\\\/\\\/restaurantereinaelisenda.com\\\/ca\\\/#website\",\"url\":\"https:\\\/\\\/restaurantereinaelisenda.com\\\/ca\\\/\",\"name\":\"Reina Elisenda\",\"description\":\"\",\"potentialAction\":[{\"@type\":\"SearchAction\",\"target\":{\"@type\":\"EntryPoint\",\"urlTemplate\":\"https:\\\/\\\/restaurantereinaelisenda.com\\\/ca\\\/?s={search_term_string}\"},\"query-input\":{\"@type\":\"PropertyValueSpecification\",\"valueRequired\":true,\"valueName\":\"search_term_string\"}}],\"inLanguage\":\"ca\"}]}<\/script>\n<!-- \/ Yoast SEO plugin. -->","yoast_head_json":{"title":"Pol\u00edtica de privacitat - Restaurant Reina Elisenda","description":"Informaci\u00f3 sobre la pol\u00edtica de privacitat en la p\u00e0gina web del Restaurant Reina Elisenda","robots":{"index":"index","follow":"follow","max-snippet":"max-snippet:-1","max-image-preview":"max-image-preview:large","max-video-preview":"max-video-preview:-1"},"canonical":"https:\/\/restaurantereinaelisenda.com\/ca\/politica-de-privacitat\/","og_locale":"ca_ES","og_type":"article","og_title":"Pol\u00edtica de privacitat - Restaurant Reina Elisenda","og_description":"Informaci\u00f3 sobre la pol\u00edtica de privacitat en la p\u00e0gina web del Restaurant Reina Elisenda","og_url":"https:\/\/restaurantereinaelisenda.com\/ca\/politica-de-privacitat\/","og_site_name":"Reina Elisenda","article_modified_time":"2025-10-31T10:50:41+00:00","twitter_card":"summary_large_image","twitter_misc":{"Temps estimat de lectura":"4 minuts"},"schema":{"@context":"https:\/\/schema.org","@graph":[{"@type":"WebPage","@id":"https:\/\/restaurantereinaelisenda.com\/ca\/politica-de-privacitat\/","url":"https:\/\/restaurantereinaelisenda.com\/ca\/politica-de-privacitat\/","name":"Pol\u00edtica de privacitat - Restaurant Reina Elisenda","isPartOf":{"@id":"https:\/\/restaurantereinaelisenda.com\/ca\/#website"},"datePublished":"2025-10-27T15:18:59+00:00","dateModified":"2025-10-31T10:50:41+00:00","description":"Informaci\u00f3 sobre la pol\u00edtica de privacitat en la p\u00e0gina web del Restaurant Reina Elisenda","breadcrumb":{"@id":"https:\/\/restaurantereinaelisenda.com\/ca\/politica-de-privacitat\/#breadcrumb"},"inLanguage":"ca","potentialAction":[{"@type":"ReadAction","target":["https:\/\/restaurantereinaelisenda.com\/ca\/politica-de-privacitat\/"]}]},{"@type":"BreadcrumbList","@id":"https:\/\/restaurantereinaelisenda.com\/ca\/politica-de-privacitat\/#breadcrumb","itemListElement":[{"@type":"ListItem","position":1,"name":"Inicio","item":"https:\/\/restaurantereinaelisenda.com\/ca\/"},{"@type":"ListItem","position":2,"name":"Pol\u00edtica de privacitat"}]},{"@type":"WebSite","@id":"https:\/\/restaurantereinaelisenda.com\/ca\/#website","url":"https:\/\/restaurantereinaelisenda.com\/ca\/","name":"Reina Elisenda","description":"","potentialAction":[{"@type":"SearchAction","target":{"@type":"EntryPoint","urlTemplate":"https:\/\/restaurantereinaelisenda.com\/ca\/?s={search_term_string}"},"query-input":{"@type":"PropertyValueSpecification","valueRequired":true,"valueName":"search_term_string"}}],"inLanguage":"ca"}]}},"_links":{"self":[{"href":"https:\/\/restaurantereinaelisenda.com\/ca\/wp-json\/wp\/v2\/pages\/16026","targetHints":{"allow":["GET"]}}],"collection":[{"href":"https:\/\/restaurantereinaelisenda.com\/ca\/wp-json\/wp\/v2\/pages"}],"about":[{"href":"https:\/\/restaurantereinaelisenda.com\/ca\/wp-json\/wp\/v2\/types\/page"}],"author":[{"embeddable":true,"href":"https:\/\/restaurantereinaelisenda.com\/ca\/wp-json\/wp\/v2\/users\/1"}],"replies":[{"embeddable":true,"href":"https:\/\/restaurantereinaelisenda.com\/ca\/wp-json\/wp\/v2\/comments?post=16026"}],"version-history":[{"count":5,"href":"https:\/\/restaurantereinaelisenda.com\/ca\/wp-json\/wp\/v2\/pages\/16026\/revisions"}],"predecessor-version":[{"id":16333,"href":"https:\/\/restaurantereinaelisenda.com\/ca\/wp-json\/wp\/v2\/pages\/16026\/revisions\/16333"}],"wp:attachment":[{"href":"https:\/\/restaurantereinaelisenda.com\/ca\/wp-json\/wp\/v2\/media?parent=16026"}],"curies":[{"name":"wp","href":"https:\/\/api.w.org\/{rel}","templated":true}]}}